{"id":33,"date":"2025-04-05T12:32:20","date_gmt":"2025-04-05T12:32:20","guid":{"rendered":"https:\/\/wp.dev.gewoelbebau.lobal.at\/?page_id=33"},"modified":"2025-11-19T21:06:25","modified_gmt":"2025-11-19T21:06:25","slug":"impressum","status":"publish","type":"page","link":"https:\/\/www.gewoelbebau.at\/en\/impressum\/","title":{"rendered":"Imprint"},"content":{"rendered":"<div data-elementor-type=\"wp-page\" data-elementor-id=\"33\" class=\"elementor elementor-33\" data-elementor-post-type=\"page\">\n\t\t\t\t<div class=\"elementor-element elementor-element-b793374 e-flex e-con-boxed e-con e-parent\" data-id=\"b793374\" data-element_type=\"container\">\n\t\t\t\t\t<div class=\"e-con-inner\">\n\t\t<div class=\"elementor-element elementor-element-5f0ecfb e-con-full e-flex e-con e-child\" data-id=\"5f0ecfb\" data-element_type=\"container\">\n\t\t\t\t<div class=\"elementor-element elementor-element-d3de2b1 elementor-widget elementor-widget-heading\" data-id=\"d3de2b1\" data-element_type=\"widget\" data-widget_type=\"heading.default\">\n\t\t\t\t<div class=\"elementor-widget-container\">\n\t\t\t\t\t<h2 class=\"elementor-heading-title elementor-size-default\">Imprint<\/h2>\t\t\t\t<\/div>\n\t\t\t\t<\/div>\n\t\t\t\t<\/div>\n\t\t\t\t<div class=\"elementor-element elementor-element-f70fea8 elementor-widget elementor-widget-text-editor\" data-id=\"f70fea8\" data-element_type=\"widget\" data-widget_type=\"text-editor.default\">\n\t\t\t\t<div class=\"elementor-widget-container\">\n\t\t\t\t\t\t\t\t\t<h2><span style=\"font-size: 18px;\">Jahn Gew\u00f6lbebau GmbH<\/span><\/h2><p><strong>Unternehmenssitz:<\/strong><br \/>Obergr\u00fcnbach 34<br \/>4264\u00a0Gr\u00fcnbach<\/p><p>Tel: +43 (0) 79 42 \/ 73 9 26 0<br \/>Fax: +43 (0) 7942 \/ 73 9 26-6<br \/>E-Mail: jahn@gewoelbebau.at<\/p><p>FN: 30589i<br \/>UID.Nr: ATU 21755900<br \/>Handelsgericht Linz<\/p><p>Unternehmensgegenstand: Baumeistergewerbe<br \/>Mitgliedschaften bei WKO: WKO\u00d6, Landesinnung O.\u00d6. der Baugewerbe<br \/>Aufsichtsbeh\u00f6rde: Bezirkshauptmannschaft Freistadt<br \/>Berufsbezeichnung: Baumeister<br \/>Verleihungsstaat: \u00d6sterreich<\/p><p>Webdesign , Konzept &amp; Umsetzung:<br \/><a href=\"https:\/\/www.lobal.at\" target=\"_blank\" rel=\"noopener\">LOBAL Webdevelopment | www.lobal.at<\/a><\/p>\t\t\t\t\t\t\t\t<\/div>\n\t\t\t\t<\/div>\n\t\t\t\t\t<\/div>\n\t\t\t\t<\/div>\n\t\t<div class=\"elementor-element elementor-element-16028a9b e-flex e-con-boxed e-con e-parent\" data-id=\"16028a9b\" data-element_type=\"container\">\n\t\t\t\t\t<div class=\"e-con-inner\">\n\t\t\t\t<div class=\"elementor-element elementor-element-4091a980 elementor-widget elementor-widget-ucaddon_ue_scroll_to_top\" data-id=\"4091a980\" data-element_type=\"widget\" data-widget_type=\"ucaddon_ue_scroll_to_top.default\">\n\t\t\t\t<div class=\"elementor-widget-container\">\n\t\t\t\t\t\n<!-- start Scroll To Top -->\n\t\t<link id='font-awesome-css' href='https:\/\/www.gewoelbebau.at\/wp-content\/plugins\/unlimited-elements-for-elementor-premium\/assets_libraries\/font-awesome6\/fontawesome-all.min.css' type='text\/css' rel='stylesheet' >\n\t\t<link id='font-awesome-4-shim-css' href='https:\/\/www.gewoelbebau.at\/wp-content\/plugins\/unlimited-elements-for-elementor-premium\/assets_libraries\/font-awesome6\/fontawesome-v4-shims.min.css' type='text\/css' rel='stylesheet' >\n\n<style>\/* widget: Scroll To Top *\/\n\n#uc_ue_scroll_to_top_elementor_4091a980.ue-scroll-to {\n    display:none;\n   z-index: 9999;\n  \n}\n#uc_ue_scroll_to_top_elementor_4091a980 .ue-scroll-to-cta {\n  cursor: pointer;\n  display: flex;\n  position: relative;\n  transition: all 400ms ease-in-out;\n  align-content:center;\n  justify-content:center;\n  flex-direction:column;\n  text-align:center;\n}\n#uc_ue_scroll_to_top_elementor_4091a980 .ue-scroll-to-cta .ue-scroll-to-icon {\n  line-height:1em;\n  margin:0 auto;\n}\n\n#uc_ue_scroll_to_top_elementor_4091a980 .ue-scroll-to-cta .ue-scroll-to-icon svg {\n  height:1em; \n  width:1em; \n}\n\n.ue-scroll-to-cta \n#uc_ue_scroll_to_top_elementor_4091a980 .ue-scroll-to-icon {\n  position: relative;\n}\n\n#uc_ue_scroll_to_top_elementor_4091a980 .ue-scroll-to-icon:hover {\n  cursor: pointer;\n}\n.ue-snap-v-middle{\n  top:50%;\n}\n.ue-scroll-to-text\n{\n  font-size:10px;\n}\n\n\t\n\t\t\n\t\n\t\n\t\n\t\n\t\n\t\n\n<\/style>\n\n<div id=\"uc_ue_scroll_to_top_elementor_4091a980\" class=\"ue-scroll-to ue-snap-v-bottom ue-snap-h-right\">\n      <div class=\"ue-scroll-to-cta none\">\n          <div class=\"ue-scroll-to-icon\"><i class='fas fa-arrow-up'><\/i><\/div>\n          \t\n      <\/div>\n<\/div>\n<!-- end Scroll To Top -->\t\t\t\t<\/div>\n\t\t\t\t<\/div>\n\t\t\t\t\t<\/div>\n\t\t\t\t<\/div>\n\t\t\t\t<\/div>","protected":false},"excerpt":{"rendered":"<p>Impressum Jahn Gew\u00f6lbebau GmbH Unternehmenssitz:Obergr\u00fcnbach 344264\u00a0Gr\u00fcnbach Tel: +43 (0) 79 42 \/ 73 9 26 0Fax: +43 (0) 7942 \/ 73 9 26-6E-Mail: jahn@gewoelbebau.at FN: 30589iUID.Nr: ATU 21755900Handelsgericht Linz Unternehmensgegenstand: BaumeistergewerbeMitgliedschaften bei WKO: WKO\u00d6, Landesinnung O.\u00d6. der BaugewerbeAufsichtsbeh\u00f6rde: Bezirkshauptmannschaft FreistadtBerufsbezeichnung: BaumeisterVerleihungsstaat: \u00d6sterreich Webdesign , Konzept &amp; Umsetzung:LOBAL Webdevelopment | www.lobal.at<\/p>","protected":false},"author":1,"featured_media":0,"parent":0,"menu_order":0,"comment_status":"closed","ping_status":"closed","template":"elementor_header_footer","meta":{"_acf_changed":false,"footnotes":""},"class_list":["post-33","page","type-page","status-publish","hentry"],"acf":[],"yoast_head":"<!-- This site is optimized with the Yoast SEO plugin v26.8 - https:\/\/yoast.com\/product\/yoast-seo-wordpress\/ -->\n<title>Impressum - Jahn Gew\u00f6lbebau<\/title>\n<meta name=\"robots\" content=\"index, follow, max-snippet:-1, max-image-preview:large, max-video-preview:-1\" \/>\n<link rel=\"canonical\" href=\"https:\/\/www.gewoelbebau.at\/en\/impressum\/\" \/>\n<meta property=\"og:locale\" content=\"en_US\" \/>\n<meta property=\"og:type\" content=\"article\" \/>\n<meta property=\"og:title\" content=\"Impressum - Jahn Gew\u00f6lbebau\" \/>\n<meta property=\"og:description\" content=\"Impressum Jahn Gew\u00f6lbebau GmbH Unternehmenssitz:Obergr\u00fcnbach 344264\u00a0Gr\u00fcnbach Tel: +43 (0) 79 42 \/ 73 9 26 0Fax: +43 (0) 7942 \/ 73 9 26-6E-Mail: jahn@gewoelbebau.at FN: 30589iUID.Nr: ATU 21755900Handelsgericht Linz Unternehmensgegenstand: BaumeistergewerbeMitgliedschaften bei WKO: WKO\u00d6, Landesinnung O.\u00d6. der BaugewerbeAufsichtsbeh\u00f6rde: Bezirkshauptmannschaft FreistadtBerufsbezeichnung: BaumeisterVerleihungsstaat: \u00d6sterreich Webdesign , Konzept &amp; Umsetzung:LOBAL Webdevelopment | www.lobal.at\" \/>\n<meta property=\"og:url\" content=\"https:\/\/www.gewoelbebau.at\/en\/impressum\/\" \/>\n<meta property=\"og:site_name\" content=\"Jahn Gew\u00f6lbebau\" \/>\n<meta property=\"article:publisher\" content=\"https:\/\/www.facebook.com\/jahngewoelbebau\/\" \/>\n<meta property=\"article:modified_time\" content=\"2025-11-19T21:06:25+00:00\" \/>\n<meta property=\"og:image\" content=\"https:\/\/www.gewoelbebau.at\/wp-content\/uploads\/2025\/07\/E6A0269-scaled.jpg\" \/>\n\t<meta property=\"og:image:width\" content=\"2560\" \/>\n\t<meta property=\"og:image:height\" content=\"1707\" \/>\n\t<meta property=\"og:image:type\" content=\"image\/jpeg\" \/>\n<meta name=\"twitter:card\" content=\"summary_large_image\" \/>\n<script type=\"application\/ld+json\" class=\"yoast-schema-graph\">{\"@context\":\"https:\/\/schema.org\",\"@graph\":[{\"@type\":\"WebPage\",\"@id\":\"https:\/\/www.gewoelbebau.at\/de_de\/impressum\/\",\"url\":\"https:\/\/www.gewoelbebau.at\/de_de\/impressum\/\",\"name\":\"Impressum - Jahn Gew\u00f6lbebau\",\"isPartOf\":{\"@id\":\"https:\/\/www.gewoelbebau.at\/#website\"},\"datePublished\":\"2025-04-05T12:32:20+00:00\",\"dateModified\":\"2025-11-19T21:06:25+00:00\",\"breadcrumb\":{\"@id\":\"https:\/\/www.gewoelbebau.at\/de_de\/impressum\/#breadcrumb\"},\"inLanguage\":\"en-US\",\"potentialAction\":[{\"@type\":\"ReadAction\",\"target\":[\"https:\/\/www.gewoelbebau.at\/de_de\/impressum\/\"]}]},{\"@type\":\"BreadcrumbList\",\"@id\":\"https:\/\/www.gewoelbebau.at\/de_de\/impressum\/#breadcrumb\",\"itemListElement\":[{\"@type\":\"ListItem\",\"position\":1,\"name\":\"Startseite\",\"item\":\"https:\/\/www.gewoelbebau.at\/\"},{\"@type\":\"ListItem\",\"position\":2,\"name\":\"Impressum\"}]},{\"@type\":\"WebSite\",\"@id\":\"https:\/\/www.gewoelbebau.at\/#website\",\"url\":\"https:\/\/www.gewoelbebau.at\/\",\"name\":\"Jahn Gew\u00f6lbebau GmbH\",\"description\":\"Bau von Gew\u00f6lben und Umsetzung individueller Wohnl\u00f6sungen\",\"publisher\":{\"@id\":\"https:\/\/www.gewoelbebau.at\/#organization\"},\"alternateName\":\"Jahn Gew\u00f6lbebau\",\"potentialAction\":[{\"@type\":\"SearchAction\",\"target\":{\"@type\":\"EntryPoint\",\"urlTemplate\":\"https:\/\/www.gewoelbebau.at\/?s={search_term_string}\"},\"query-input\":{\"@type\":\"PropertyValueSpecification\",\"valueRequired\":true,\"valueName\":\"search_term_string\"}}],\"inLanguage\":\"en-US\"},{\"@type\":\"Organization\",\"@id\":\"https:\/\/www.gewoelbebau.at\/#organization\",\"name\":\"Jahn Gew\u00f6lbebau GmbH\",\"alternateName\":\"Gew\u00f6lbebau\",\"url\":\"https:\/\/www.gewoelbebau.at\/\",\"logo\":{\"@type\":\"ImageObject\",\"inLanguage\":\"en-US\",\"@id\":\"https:\/\/www.gewoelbebau.at\/#\/schema\/logo\/image\/\",\"url\":\"https:\/\/www.gewoelbebau.at\/wp-content\/uploads\/2025\/04\/favicon-1.webp\",\"contentUrl\":\"https:\/\/www.gewoelbebau.at\/wp-content\/uploads\/2025\/04\/favicon-1.webp\",\"width\":512,\"height\":512,\"caption\":\"Jahn Gew\u00f6lbebau GmbH\"},\"image\":{\"@id\":\"https:\/\/www.gewoelbebau.at\/#\/schema\/logo\/image\/\"},\"sameAs\":[\"https:\/\/www.facebook.com\/jahngewoelbebau\/\",\"https:\/\/www.instagram.com\/jahn_gewoelbebau\/\"]}]}<\/script>\n<!-- \/ Yoast SEO plugin. -->","yoast_head_json":{"title":"Impressum - Jahn Gew\u00f6lbebau","robots":{"index":"index","follow":"follow","max-snippet":"max-snippet:-1","max-image-preview":"max-image-preview:large","max-video-preview":"max-video-preview:-1"},"canonical":"https:\/\/www.gewoelbebau.at\/en\/impressum\/","og_locale":"en_US","og_type":"article","og_title":"Impressum - Jahn Gew\u00f6lbebau","og_description":"Impressum Jahn Gew\u00f6lbebau GmbH Unternehmenssitz:Obergr\u00fcnbach 344264\u00a0Gr\u00fcnbach Tel: +43 (0) 79 42 \/ 73 9 26 0Fax: +43 (0) 7942 \/ 73 9 26-6E-Mail: jahn@gewoelbebau.at FN: 30589iUID.Nr: ATU 21755900Handelsgericht Linz Unternehmensgegenstand: BaumeistergewerbeMitgliedschaften bei WKO: WKO\u00d6, Landesinnung O.\u00d6. der BaugewerbeAufsichtsbeh\u00f6rde: Bezirkshauptmannschaft FreistadtBerufsbezeichnung: BaumeisterVerleihungsstaat: \u00d6sterreich Webdesign , Konzept &amp; Umsetzung:LOBAL Webdevelopment | www.lobal.at","og_url":"https:\/\/www.gewoelbebau.at\/en\/impressum\/","og_site_name":"Jahn Gew\u00f6lbebau","article_publisher":"https:\/\/www.facebook.com\/jahngewoelbebau\/","article_modified_time":"2025-11-19T21:06:25+00:00","og_image":[{"width":2560,"height":1707,"url":"https:\/\/www.gewoelbebau.at\/wp-content\/uploads\/2025\/07\/E6A0269-scaled.jpg","type":"image\/jpeg"}],"twitter_card":"summary_large_image","schema":{"@context":"https:\/\/schema.org","@graph":[{"@type":"WebPage","@id":"https:\/\/www.gewoelbebau.at\/de_de\/impressum\/","url":"https:\/\/www.gewoelbebau.at\/de_de\/impressum\/","name":"Impressum - Jahn Gew\u00f6lbebau","isPartOf":{"@id":"https:\/\/www.gewoelbebau.at\/#website"},"datePublished":"2025-04-05T12:32:20+00:00","dateModified":"2025-11-19T21:06:25+00:00","breadcrumb":{"@id":"https:\/\/www.gewoelbebau.at\/de_de\/impressum\/#breadcrumb"},"inLanguage":"en-US","potentialAction":[{"@type":"ReadAction","target":["https:\/\/www.gewoelbebau.at\/de_de\/impressum\/"]}]},{"@type":"BreadcrumbList","@id":"https:\/\/www.gewoelbebau.at\/de_de\/impressum\/#breadcrumb","itemListElement":[{"@type":"ListItem","position":1,"name":"Startseite","item":"https:\/\/www.gewoelbebau.at\/"},{"@type":"ListItem","position":2,"name":"Impressum"}]},{"@type":"WebSite","@id":"https:\/\/www.gewoelbebau.at\/#website","url":"https:\/\/www.gewoelbebau.at\/","name":"Jahn Gew\u00f6lbebau GmbH","description":"Bau von Gew\u00f6lben und Umsetzung individueller Wohnl\u00f6sungen","publisher":{"@id":"https:\/\/www.gewoelbebau.at\/#organization"},"alternateName":"Jahn Gew\u00f6lbebau","potentialAction":[{"@type":"SearchAction","target":{"@type":"EntryPoint","urlTemplate":"https:\/\/www.gewoelbebau.at\/?s={search_term_string}"},"query-input":{"@type":"PropertyValueSpecification","valueRequired":true,"valueName":"search_term_string"}}],"inLanguage":"en-US"},{"@type":"Organization","@id":"https:\/\/www.gewoelbebau.at\/#organization","name":"Jahn Gew\u00f6lbebau GmbH","alternateName":"Gew\u00f6lbebau","url":"https:\/\/www.gewoelbebau.at\/","logo":{"@type":"ImageObject","inLanguage":"en-US","@id":"https:\/\/www.gewoelbebau.at\/#\/schema\/logo\/image\/","url":"https:\/\/www.gewoelbebau.at\/wp-content\/uploads\/2025\/04\/favicon-1.webp","contentUrl":"https:\/\/www.gewoelbebau.at\/wp-content\/uploads\/2025\/04\/favicon-1.webp","width":512,"height":512,"caption":"Jahn Gew\u00f6lbebau GmbH"},"image":{"@id":"https:\/\/www.gewoelbebau.at\/#\/schema\/logo\/image\/"},"sameAs":["https:\/\/www.facebook.com\/jahngewoelbebau\/","https:\/\/www.instagram.com\/jahn_gewoelbebau\/"]}]}},"_links":{"self":[{"href":"https:\/\/www.gewoelbebau.at\/en\/wp-json\/wp\/v2\/pages\/33","targetHints":{"allow":["GET"]}}],"collection":[{"href":"https:\/\/www.gewoelbebau.at\/en\/wp-json\/wp\/v2\/pages"}],"about":[{"href":"https:\/\/www.gewoelbebau.at\/en\/wp-json\/wp\/v2\/types\/page"}],"author":[{"embeddable":true,"href":"https:\/\/www.gewoelbebau.at\/en\/wp-json\/wp\/v2\/users\/1"}],"replies":[{"embeddable":true,"href":"https:\/\/www.gewoelbebau.at\/en\/wp-json\/wp\/v2\/comments?post=33"}],"version-history":[{"count":10,"href":"https:\/\/www.gewoelbebau.at\/en\/wp-json\/wp\/v2\/pages\/33\/revisions"}],"predecessor-version":[{"id":2249,"href":"https:\/\/www.gewoelbebau.at\/en\/wp-json\/wp\/v2\/pages\/33\/revisions\/2249"}],"wp:attachment":[{"href":"https:\/\/www.gewoelbebau.at\/en\/wp-json\/wp\/v2\/media?parent=33"}],"curies":[{"name":"wp","href":"https:\/\/api.w.org\/{rel}","templated":true}]}}