{"id":111,"date":"2025-04-05T18:49:59","date_gmt":"2025-04-05T18:49:59","guid":{"rendered":"https:\/\/wp.dev.gewoelbebau.lobal.at\/?page_id=111"},"modified":"2025-11-19T21:50:17","modified_gmt":"2025-11-19T21:50:17","slug":"kontakt","status":"publish","type":"page","link":"https:\/\/www.gewoelbebau.at\/en\/kontakt\/","title":{"rendered":"Contact"},"content":{"rendered":"<div data-elementor-type=\"wp-page\" data-elementor-id=\"111\" class=\"elementor elementor-111\" data-elementor-post-type=\"page\">\n\t\t\t\t<div class=\"elementor-element elementor-element-14ea7cc5 e-flex e-con-boxed e-con e-parent\" data-id=\"14ea7cc5\" data-element_type=\"container\" data-settings=\"{&quot;background_background&quot;:&quot;classic&quot;}\">\n\t\t\t\t\t<div class=\"e-con-inner\">\n\t\t<div class=\"elementor-element elementor-element-7bcf1319 e-con-full e-flex e-con e-child\" data-id=\"7bcf1319\" data-element_type=\"container\">\n\t\t\t\t<div class=\"elementor-element elementor-element-462e31f4 elementor-widget-tablet__width-inherit elementor-widget-mobile__width-inherit elementor-widget elementor-widget-image-box\" data-id=\"462e31f4\" data-element_type=\"widget\" data-widget_type=\"image-box.default\">\n\t\t\t\t<div class=\"elementor-widget-container\">\n\t\t\t\t\t<div class=\"elementor-image-box-wrapper\"><div class=\"elementor-image-box-content\"><h3 class=\"elementor-image-box-title\">Ready to begin?<\/h3><p class=\"elementor-image-box-description\">Questions, advice, or a quick exchange\u2014we\u2019re here for you.<\/p><\/div><\/div>\t\t\t\t<\/div>\n\t\t\t\t<\/div>\n\t\t<div class=\"elementor-element elementor-element-5bede659 e-con-full e-flex e-con e-child\" data-id=\"5bede659\" data-element_type=\"container\">\n\t\t\t\t<div class=\"elementor-element elementor-element-55e16840 elementor-widget-tablet__width-initial elementor-widget-mobile__width-inherit elementor-widget elementor-widget-heading\" data-id=\"55e16840\" data-element_type=\"widget\" data-widget_type=\"heading.default\">\n\t\t\t\t<div class=\"elementor-widget-container\">\n\t\t\t\t\t<h3 class=\"elementor-heading-title elementor-size-default\">Start the conversation<\/h3>\t\t\t\t<\/div>\n\t\t\t\t<\/div>\n\t\t\t\t<div class=\"elementor-element elementor-element-548ceec elementor-icon-list--layout-traditional elementor-list-item-link-full_width elementor-widget elementor-widget-icon-list\" data-id=\"548ceec\" data-element_type=\"widget\" data-widget_type=\"icon-list.default\">\n\t\t\t\t<div class=\"elementor-widget-container\">\n\t\t\t\t\t\t\t<ul class=\"elementor-icon-list-items\">\n\t\t\t\t\t\t\t<li class=\"elementor-icon-list-item\">\n\t\t\t\t\t\t\t\t\t\t\t<a href=\"tel:+43794273926%20\">\n\n\t\t\t\t\t\t\t\t\t\t\t\t<span class=\"elementor-icon-list-icon\">\n\t\t\t\t\t\t\t<svg xmlns=\"http:\/\/www.w3.org\/2000\/svg\" id=\"Layer_1\" data-name=\"Layer 1\" viewbox=\"0 0 24 24\" width=\"512\" height=\"512\"><path d=\"M13,1a1,1,0,0,1,1-1A10.011,10.011,0,0,1,24,10a1,1,0,0,1-2,0,8.009,8.009,0,0,0-8-8A1,1,0,0,1,13,1Zm1,5a4,4,0,0,1,4,4,1,1,0,0,0,2,0,6.006,6.006,0,0,0-6-6,1,1,0,0,0,0,2Zm9.093,10.739a3.1,3.1,0,0,1,0,4.378l-.91,1.049c-8.19,7.841-28.12-12.084-20.4-20.3l1.15-1A3.081,3.081,0,0,1,7.26.906c.031.031,1.884,2.438,1.884,2.438a3.1,3.1,0,0,1-.007,4.282L7.979,9.082a12.781,12.781,0,0,0,6.931,6.945l1.465-1.165a3.1,3.1,0,0,1,4.281-.006S23.062,16.708,23.093,16.739Zm-1.376,1.454s-2.393-1.841-2.424-1.872a1.1,1.1,0,0,0-1.549,0c-.027.028-2.044,1.635-2.044,1.635a1,1,0,0,1-.979.152A15.009,15.009,0,0,1,5.9,9.3a1,1,0,0,1,.145-1S7.652,6.282,7.679,6.256a1.1,1.1,0,0,0,0-1.549c-.031-.03-1.872-2.425-1.872-2.425a1.1,1.1,0,0,0-1.51.039l-1.15,1C-2.495,10.105,14.776,26.418,20.721,20.8l.911-1.05A1.121,1.121,0,0,0,21.717,18.193Z\"><\/path><\/svg>\t\t\t\t\t\t<\/span>\n\t\t\t\t\t\t\t\t\t\t<span class=\"elementor-icon-list-text\">+43 (0) 7942 \/ 73 9 26 <\/span>\n\t\t\t\t\t\t\t\t\t\t\t<\/a>\n\t\t\t\t\t\t\t\t\t<\/li>\n\t\t\t\t\t\t\t\t<li class=\"elementor-icon-list-item\">\n\t\t\t\t\t\t\t\t\t\t\t<a href=\"mailto:jahn@gewoelbebau.at?subject=Anfrage%20gewoelbebau.at&#038;body=Hallo!%20\">\n\n\t\t\t\t\t\t\t\t\t\t\t\t<span class=\"elementor-icon-list-icon\">\n\t\t\t\t\t\t\t<svg xmlns=\"http:\/\/www.w3.org\/2000\/svg\" id=\"Layer_1\" data-name=\"Layer 1\" viewbox=\"0 0 24 24\" width=\"512\" height=\"512\"><path d=\"M12,0A12.013,12.013,0,0,0,0,12c-.126,9.573,11.159,15.429,18.9,9.817a1,1,0,1,0-1.152-1.634C11.3,24.856,1.9,19.978,2,12,2.549-1.266,21.453-1.263,22,12v2a2,2,0,0,1-4,0V12C17.748,4.071,6.251,4.072,6,12a6.017,6.017,0,0,0,10.52,3.933A4,4,0,0,0,24,14V12A12.013,12.013,0,0,0,12,0Zm0,16a4,4,0,0,1,0-8A4,4,0,0,1,12,16Z\"><\/path><\/svg>\t\t\t\t\t\t<\/span>\n\t\t\t\t\t\t\t\t\t\t<span class=\"elementor-icon-list-text\">jahn@gewoelbebau.at<\/span>\n\t\t\t\t\t\t\t\t\t\t\t<\/a>\n\t\t\t\t\t\t\t\t\t<\/li>\n\t\t\t\t\t\t<\/ul>\n\t\t\t\t\t\t<\/div>\n\t\t\t\t<\/div>\n\t\t\t\t<\/div>\n\t\t<div class=\"elementor-element elementor-element-28070b5e e-con-full e-flex e-con e-child\" data-id=\"28070b5e\" data-element_type=\"container\">\n\t\t\t\t<div class=\"elementor-element elementor-element-251fe871 elementor-widget-tablet__width-initial elementor-widget-mobile__width-inherit elementor-widget elementor-widget-heading\" data-id=\"251fe871\" data-element_type=\"widget\" data-widget_type=\"heading.default\">\n\t\t\t\t<div class=\"elementor-widget-container\">\n\t\t\t\t\t<h3 class=\"elementor-heading-title elementor-size-default\">Address<\/h3>\t\t\t\t<\/div>\n\t\t\t\t<\/div>\n\t\t\t\t<div class=\"elementor-element elementor-element-265aff97 elementor-icon-list--layout-traditional elementor-list-item-link-full_width elementor-widget elementor-widget-icon-list\" data-id=\"265aff97\" data-element_type=\"widget\" data-widget_type=\"icon-list.default\">\n\t\t\t\t<div class=\"elementor-widget-container\">\n\t\t\t\t\t\t\t<ul class=\"elementor-icon-list-items\">\n\t\t\t\t\t\t\t<li class=\"elementor-icon-list-item\">\n\t\t\t\t\t\t\t\t\t\t<span class=\"elementor-icon-list-text\">Obergr\u00fcnbach 34 <br> 4264 Gr\u00fcnbach Bei Freistadt<\/span>\n\t\t\t\t\t\t\t\t\t<\/li>\n\t\t\t\t\t\t<\/ul>\n\t\t\t\t\t\t<\/div>\n\t\t\t\t<\/div>\n\t\t\t\t<\/div>\n\t\t\t\t<div class=\"elementor-element elementor-element-2f56274d e-grid-align-left elementor-widget-tablet__width-inherit elementor-shape-rounded elementor-grid-0 elementor-widget elementor-widget-social-icons\" data-id=\"2f56274d\" data-element_type=\"widget\" data-widget_type=\"social-icons.default\">\n\t\t\t\t<div class=\"elementor-widget-container\">\n\t\t\t\t\t\t\t<div class=\"elementor-social-icons-wrapper elementor-grid\" role=\"list\">\n\t\t\t\t\t\t\t<span class=\"elementor-grid-item\" role=\"listitem\">\n\t\t\t\t\t<a class=\"elementor-icon elementor-social-icon elementor-social-icon-instagram elementor-animation-grow elementor-repeater-item-be32a58\" href=\"https:\/\/www.instagram.com\/jahn_gewoelbebau\/\" target=\"_blank\">\n\t\t\t\t\t\t<span class=\"elementor-screen-only\">Instagram<\/span>\n\t\t\t\t\t\t<svg aria-hidden=\"true\" class=\"e-font-icon-svg e-fab-instagram\" viewbox=\"0 0 448 512\" xmlns=\"http:\/\/www.w3.org\/2000\/svg\"><path d=\"M224.1 141c-63.6 0-114.9 51.3-114.9 114.9s51.3 114.9 114.9 114.9S339 319.5 339 255.9 287.7 141 224.1 141zm0 189.6c-41.1 0-74.7-33.5-74.7-74.7s33.5-74.7 74.7-74.7 74.7 33.5 74.7 74.7-33.6 74.7-74.7 74.7zm146.4-194.3c0 14.9-12 26.8-26.8 26.8-14.9 0-26.8-12-26.8-26.8s12-26.8 26.8-26.8 26.8 12 26.8 26.8zm76.1 27.2c-1.7-35.9-9.9-67.7-36.2-93.9-26.2-26.2-58-34.4-93.9-36.2-37-2.1-147.9-2.1-184.9 0-35.8 1.7-67.6 9.9-93.9 36.1s-34.4 58-36.2 93.9c-2.1 37-2.1 147.9 0 184.9 1.7 35.9 9.9 67.7 36.2 93.9s58 34.4 93.9 36.2c37 2.1 147.9 2.1 184.9 0 35.9-1.7 67.7-9.9 93.9-36.2 26.2-26.2 34.4-58 36.2-93.9 2.1-37 2.1-147.8 0-184.8zM398.8 388c-7.8 19.6-22.9 34.7-42.6 42.6-29.5 11.7-99.5 9-132.1 9s-102.7 2.6-132.1-9c-19.6-7.8-34.7-22.9-42.6-42.6-11.7-29.5-9-99.5-9-132.1s-2.6-102.7 9-132.1c7.8-19.6 22.9-34.7 42.6-42.6 29.5-11.7 99.5-9 132.1-9s102.7-2.6 132.1 9c19.6 7.8 34.7 22.9 42.6 42.6 11.7 29.5 9 99.5 9 132.1s2.7 102.7-9 132.1z\"><\/path><\/svg>\t\t\t\t\t<\/a>\n\t\t\t\t<\/span>\n\t\t\t\t\t\t\t<span class=\"elementor-grid-item\" role=\"listitem\">\n\t\t\t\t\t<a class=\"elementor-icon elementor-social-icon elementor-social-icon-facebook-f elementor-animation-grow elementor-repeater-item-af5d7dd\" href=\"https:\/\/www.facebook.com\/jahngewoelbebau\/\" target=\"_blank\">\n\t\t\t\t\t\t<span class=\"elementor-screen-only\">Facebook-f<\/span>\n\t\t\t\t\t\t<svg aria-hidden=\"true\" class=\"e-font-icon-svg e-fab-facebook-f\" viewbox=\"0 0 320 512\" xmlns=\"http:\/\/www.w3.org\/2000\/svg\"><path d=\"M279.14 288l14.22-92.66h-88.91v-60.13c0-25.35 12.42-50.06 52.24-50.06h40.42V6.26S260.43 0 225.36 0c-73.22 0-121.08 44.38-121.08 124.72v70.62H22.89V288h81.39v224h100.17V288z\"><\/path><\/svg>\t\t\t\t\t<\/a>\n\t\t\t\t<\/span>\n\t\t\t\t\t<\/div>\n\t\t\t\t\t\t<\/div>\n\t\t\t\t<\/div>\n\t\t\t\t<\/div>\n\t\t\t\t<div class=\"elementor-element elementor-element-69a77641 elementor-widget__width-initial elementor-widget-tablet__width-inherit elementor-widget elementor-widget-google_maps\" data-id=\"69a77641\" data-element_type=\"widget\" data-widget_type=\"google_maps.default\">\n\t\t\t\t<div class=\"elementor-widget-container\">\n\t\t\t\t\t\t\t<div class=\"elementor-custom-embed\">\n\t\t\t<iframe loading=\"lazy\"\n\t\t\t\t\tsrc=\"https:\/\/maps.google.com\/maps?q=Obergr%C3%BCnbach%2034%2C%204264%20Gr%C3%BCnbach&#038;t=m&#038;z=18&#038;output=embed&#038;iwloc=near\"\n\t\t\t\t\ttitle=\"Obergr\u00fcnbach 34, 4264 Gr\u00fcnbach\"\n\t\t\t\t\taria-label=\"Obergr\u00fcnbach 34, 4264 Gr\u00fcnbach\"\n\t\t\t><\/iframe>\n\t\t<\/div>\n\t\t\t\t\t\t<\/div>\n\t\t\t\t<\/div>\n\t\t\t\t\t<\/div>\n\t\t\t\t<\/div>\n\t\t<div class=\"elementor-element elementor-element-39e4078e e-flex e-con-boxed e-con e-parent\" data-id=\"39e4078e\" data-element_type=\"container\">\n\t\t\t\t\t<div class=\"e-con-inner\">\n\t\t\t\t<div class=\"elementor-element elementor-element-70f90e8c elementor-widget elementor-widget-ucaddon_ue_scroll_to_top\" data-id=\"70f90e8c\" data-element_type=\"widget\" data-widget_type=\"ucaddon_ue_scroll_to_top.default\">\n\t\t\t\t<div class=\"elementor-widget-container\">\n\t\t\t\t\t\n<!-- start Scroll To Top -->\n\t\t<link id='font-awesome-css' href='https:\/\/www.gewoelbebau.at\/wp-content\/plugins\/unlimited-elements-for-elementor-premium\/assets_libraries\/font-awesome6\/fontawesome-all.min.css' type='text\/css' rel='stylesheet' >\n\t\t<link id='font-awesome-4-shim-css' href='https:\/\/www.gewoelbebau.at\/wp-content\/plugins\/unlimited-elements-for-elementor-premium\/assets_libraries\/font-awesome6\/fontawesome-v4-shims.min.css' type='text\/css' rel='stylesheet' >\n\n<style>\/* widget: Scroll To Top *\/\n\n#uc_ue_scroll_to_top_elementor_70f90e8c.ue-scroll-to {\n    display:none;\n   z-index: 9999;\n  \n}\n#uc_ue_scroll_to_top_elementor_70f90e8c .ue-scroll-to-cta {\n  cursor: pointer;\n  display: flex;\n  position: relative;\n  transition: all 400ms ease-in-out;\n  align-content:center;\n  justify-content:center;\n  flex-direction:column;\n  text-align:center;\n}\n#uc_ue_scroll_to_top_elementor_70f90e8c .ue-scroll-to-cta .ue-scroll-to-icon {\n  line-height:1em;\n  margin:0 auto;\n}\n\n#uc_ue_scroll_to_top_elementor_70f90e8c .ue-scroll-to-cta .ue-scroll-to-icon svg {\n  height:1em; \n  width:1em; \n}\n\n.ue-scroll-to-cta \n#uc_ue_scroll_to_top_elementor_70f90e8c .ue-scroll-to-icon {\n  position: relative;\n}\n\n#uc_ue_scroll_to_top_elementor_70f90e8c .ue-scroll-to-icon:hover {\n  cursor: pointer;\n}\n.ue-snap-v-middle{\n  top:50%;\n}\n.ue-scroll-to-text\n{\n  font-size:10px;\n}\n\n\t\n\t\t\n\t\n\t\n\t\n\t\n\t\n\t\n\n<\/style>\n\n<div id=\"uc_ue_scroll_to_top_elementor_70f90e8c\" class=\"ue-scroll-to ue-snap-v-bottom ue-snap-h-right\">\n      <div class=\"ue-scroll-to-cta none\">\n          <div class=\"ue-scroll-to-icon\"><i class='fas fa-arrow-up'><\/i><\/div>\n          \t\n      <\/div>\n<\/div>\n<!-- end Scroll To Top -->\t\t\t\t<\/div>\n\t\t\t\t<\/div>\n\t\t\t\t\t<\/div>\n\t\t\t\t<\/div>\n\t\t\t\t<\/div>","protected":false},"excerpt":{"rendered":"<p>Der erste Schritt zu Ihrem Herzensprojekt Ob Anfrage, Beratung oder einfach ein Austausch \u2013 wir sind f\u00fcr Sie da. Jetzt Kontakt aufnehmen +43 (0) 7942 \/ 73 9 26 jahn@gewoelbebau.at Adresse Obergr\u00fcnbach 34 4264 Gr\u00fcnbach Bei Freistadt Instagram Facebook-f<\/p>","protected":false},"author":1,"featured_media":0,"parent":0,"menu_order":0,"comment_status":"closed","ping_status":"closed","template":"elementor_header_footer","meta":{"_acf_changed":false,"footnotes":""},"class_list":["post-111","page","type-page","status-publish","hentry"],"acf":[],"yoast_head":"<!-- This site is optimized with the Yoast SEO plugin v26.8 - https:\/\/yoast.com\/product\/yoast-seo-wordpress\/ -->\n<title>Kontakt - Jahn Gew\u00f6lbebau<\/title>\n<meta name=\"robots\" content=\"index, follow, max-snippet:-1, max-image-preview:large, max-video-preview:-1\" \/>\n<link rel=\"canonical\" href=\"https:\/\/www.gewoelbebau.at\/en\/kontakt\/\" \/>\n<meta property=\"og:locale\" content=\"en_US\" \/>\n<meta property=\"og:type\" content=\"article\" \/>\n<meta property=\"og:title\" content=\"Kontakt - Jahn Gew\u00f6lbebau\" \/>\n<meta property=\"og:description\" content=\"Der erste Schritt zu Ihrem Herzensprojekt Ob Anfrage, Beratung oder einfach ein Austausch \u2013 wir sind f\u00fcr Sie da. Jetzt Kontakt aufnehmen +43 (0) 7942 \/ 73 9 26 jahn@gewoelbebau.at Adresse Obergr\u00fcnbach 34 4264 Gr\u00fcnbach Bei Freistadt Instagram Facebook-f\" \/>\n<meta property=\"og:url\" content=\"https:\/\/www.gewoelbebau.at\/en\/kontakt\/\" \/>\n<meta property=\"og:site_name\" content=\"Jahn Gew\u00f6lbebau\" \/>\n<meta property=\"article:publisher\" content=\"https:\/\/www.facebook.com\/jahngewoelbebau\/\" \/>\n<meta property=\"article:modified_time\" content=\"2025-11-19T21:50:17+00:00\" \/>\n<meta property=\"og:image\" content=\"https:\/\/www.gewoelbebau.at\/wp-content\/uploads\/2025\/07\/E6A0269-scaled.jpg\" \/>\n\t<meta property=\"og:image:width\" content=\"2560\" \/>\n\t<meta property=\"og:image:height\" content=\"1707\" \/>\n\t<meta property=\"og:image:type\" content=\"image\/jpeg\" \/>\n<meta name=\"twitter:card\" content=\"summary_large_image\" \/>\n<script type=\"application\/ld+json\" class=\"yoast-schema-graph\">{\"@context\":\"https:\/\/schema.org\",\"@graph\":[{\"@type\":\"WebPage\",\"@id\":\"https:\/\/www.gewoelbebau.at\/de_de\/kontakt\/\",\"url\":\"https:\/\/www.gewoelbebau.at\/de_de\/kontakt\/\",\"name\":\"Kontakt - Jahn Gew\u00f6lbebau\",\"isPartOf\":{\"@id\":\"https:\/\/www.gewoelbebau.at\/#website\"},\"datePublished\":\"2025-04-05T18:49:59+00:00\",\"dateModified\":\"2025-11-19T21:50:17+00:00\",\"breadcrumb\":{\"@id\":\"https:\/\/www.gewoelbebau.at\/de_de\/kontakt\/#breadcrumb\"},\"inLanguage\":\"en-US\",\"potentialAction\":[{\"@type\":\"ReadAction\",\"target\":[\"https:\/\/www.gewoelbebau.at\/de_de\/kontakt\/\"]}]},{\"@type\":\"BreadcrumbList\",\"@id\":\"https:\/\/www.gewoelbebau.at\/de_de\/kontakt\/#breadcrumb\",\"itemListElement\":[{\"@type\":\"ListItem\",\"position\":1,\"name\":\"Startseite\",\"item\":\"https:\/\/www.gewoelbebau.at\/\"},{\"@type\":\"ListItem\",\"position\":2,\"name\":\"Kontakt\"}]},{\"@type\":\"WebSite\",\"@id\":\"https:\/\/www.gewoelbebau.at\/#website\",\"url\":\"https:\/\/www.gewoelbebau.at\/\",\"name\":\"Jahn Gew\u00f6lbebau GmbH\",\"description\":\"Bau von Gew\u00f6lben und Umsetzung individueller Wohnl\u00f6sungen\",\"publisher\":{\"@id\":\"https:\/\/www.gewoelbebau.at\/#organization\"},\"alternateName\":\"Jahn Gew\u00f6lbebau\",\"potentialAction\":[{\"@type\":\"SearchAction\",\"target\":{\"@type\":\"EntryPoint\",\"urlTemplate\":\"https:\/\/www.gewoelbebau.at\/?s={search_term_string}\"},\"query-input\":{\"@type\":\"PropertyValueSpecification\",\"valueRequired\":true,\"valueName\":\"search_term_string\"}}],\"inLanguage\":\"en-US\"},{\"@type\":\"Organization\",\"@id\":\"https:\/\/www.gewoelbebau.at\/#organization\",\"name\":\"Jahn Gew\u00f6lbebau GmbH\",\"alternateName\":\"Gew\u00f6lbebau\",\"url\":\"https:\/\/www.gewoelbebau.at\/\",\"logo\":{\"@type\":\"ImageObject\",\"inLanguage\":\"en-US\",\"@id\":\"https:\/\/www.gewoelbebau.at\/#\/schema\/logo\/image\/\",\"url\":\"https:\/\/www.gewoelbebau.at\/wp-content\/uploads\/2025\/04\/favicon-1.webp\",\"contentUrl\":\"https:\/\/www.gewoelbebau.at\/wp-content\/uploads\/2025\/04\/favicon-1.webp\",\"width\":512,\"height\":512,\"caption\":\"Jahn Gew\u00f6lbebau GmbH\"},\"image\":{\"@id\":\"https:\/\/www.gewoelbebau.at\/#\/schema\/logo\/image\/\"},\"sameAs\":[\"https:\/\/www.facebook.com\/jahngewoelbebau\/\",\"https:\/\/www.instagram.com\/jahn_gewoelbebau\/\"]}]}<\/script>\n<!-- \/ Yoast SEO plugin. -->","yoast_head_json":{"title":"Kontakt - Jahn Gew\u00f6lbebau","robots":{"index":"index","follow":"follow","max-snippet":"max-snippet:-1","max-image-preview":"max-image-preview:large","max-video-preview":"max-video-preview:-1"},"canonical":"https:\/\/www.gewoelbebau.at\/en\/kontakt\/","og_locale":"en_US","og_type":"article","og_title":"Kontakt - Jahn Gew\u00f6lbebau","og_description":"Der erste Schritt zu Ihrem Herzensprojekt Ob Anfrage, Beratung oder einfach ein Austausch \u2013 wir sind f\u00fcr Sie da. Jetzt Kontakt aufnehmen +43 (0) 7942 \/ 73 9 26 jahn@gewoelbebau.at Adresse Obergr\u00fcnbach 34 4264 Gr\u00fcnbach Bei Freistadt Instagram Facebook-f","og_url":"https:\/\/www.gewoelbebau.at\/en\/kontakt\/","og_site_name":"Jahn Gew\u00f6lbebau","article_publisher":"https:\/\/www.facebook.com\/jahngewoelbebau\/","article_modified_time":"2025-11-19T21:50:17+00:00","og_image":[{"width":2560,"height":1707,"url":"https:\/\/www.gewoelbebau.at\/wp-content\/uploads\/2025\/07\/E6A0269-scaled.jpg","type":"image\/jpeg"}],"twitter_card":"summary_large_image","schema":{"@context":"https:\/\/schema.org","@graph":[{"@type":"WebPage","@id":"https:\/\/www.gewoelbebau.at\/de_de\/kontakt\/","url":"https:\/\/www.gewoelbebau.at\/de_de\/kontakt\/","name":"Kontakt - Jahn Gew\u00f6lbebau","isPartOf":{"@id":"https:\/\/www.gewoelbebau.at\/#website"},"datePublished":"2025-04-05T18:49:59+00:00","dateModified":"2025-11-19T21:50:17+00:00","breadcrumb":{"@id":"https:\/\/www.gewoelbebau.at\/de_de\/kontakt\/#breadcrumb"},"inLanguage":"en-US","potentialAction":[{"@type":"ReadAction","target":["https:\/\/www.gewoelbebau.at\/de_de\/kontakt\/"]}]},{"@type":"BreadcrumbList","@id":"https:\/\/www.gewoelbebau.at\/de_de\/kontakt\/#breadcrumb","itemListElement":[{"@type":"ListItem","position":1,"name":"Startseite","item":"https:\/\/www.gewoelbebau.at\/"},{"@type":"ListItem","position":2,"name":"Kontakt"}]},{"@type":"WebSite","@id":"https:\/\/www.gewoelbebau.at\/#website","url":"https:\/\/www.gewoelbebau.at\/","name":"Jahn Gew\u00f6lbebau GmbH","description":"Bau von Gew\u00f6lben und Umsetzung individueller Wohnl\u00f6sungen","publisher":{"@id":"https:\/\/www.gewoelbebau.at\/#organization"},"alternateName":"Jahn Gew\u00f6lbebau","potentialAction":[{"@type":"SearchAction","target":{"@type":"EntryPoint","urlTemplate":"https:\/\/www.gewoelbebau.at\/?s={search_term_string}"},"query-input":{"@type":"PropertyValueSpecification","valueRequired":true,"valueName":"search_term_string"}}],"inLanguage":"en-US"},{"@type":"Organization","@id":"https:\/\/www.gewoelbebau.at\/#organization","name":"Jahn Gew\u00f6lbebau GmbH","alternateName":"Gew\u00f6lbebau","url":"https:\/\/www.gewoelbebau.at\/","logo":{"@type":"ImageObject","inLanguage":"en-US","@id":"https:\/\/www.gewoelbebau.at\/#\/schema\/logo\/image\/","url":"https:\/\/www.gewoelbebau.at\/wp-content\/uploads\/2025\/04\/favicon-1.webp","contentUrl":"https:\/\/www.gewoelbebau.at\/wp-content\/uploads\/2025\/04\/favicon-1.webp","width":512,"height":512,"caption":"Jahn Gew\u00f6lbebau GmbH"},"image":{"@id":"https:\/\/www.gewoelbebau.at\/#\/schema\/logo\/image\/"},"sameAs":["https:\/\/www.facebook.com\/jahngewoelbebau\/","https:\/\/www.instagram.com\/jahn_gewoelbebau\/"]}]}},"_links":{"self":[{"href":"https:\/\/www.gewoelbebau.at\/en\/wp-json\/wp\/v2\/pages\/111","targetHints":{"allow":["GET"]}}],"collection":[{"href":"https:\/\/www.gewoelbebau.at\/en\/wp-json\/wp\/v2\/pages"}],"about":[{"href":"https:\/\/www.gewoelbebau.at\/en\/wp-json\/wp\/v2\/types\/page"}],"author":[{"embeddable":true,"href":"https:\/\/www.gewoelbebau.at\/en\/wp-json\/wp\/v2\/users\/1"}],"replies":[{"embeddable":true,"href":"https:\/\/www.gewoelbebau.at\/en\/wp-json\/wp\/v2\/comments?post=111"}],"version-history":[{"count":32,"href":"https:\/\/www.gewoelbebau.at\/en\/wp-json\/wp\/v2\/pages\/111\/revisions"}],"predecessor-version":[{"id":2261,"href":"https:\/\/www.gewoelbebau.at\/en\/wp-json\/wp\/v2\/pages\/111\/revisions\/2261"}],"wp:attachment":[{"href":"https:\/\/www.gewoelbebau.at\/en\/wp-json\/wp\/v2\/media?parent=111"}],"curies":[{"name":"wp","href":"https:\/\/api.w.org\/{rel}","templated":true}]}}