{"id":2294,"date":"2025-12-18T18:08:32","date_gmt":"2025-12-18T18:08:32","guid":{"rendered":"https:\/\/www.gewoelbebau.at\/?page_id=2294"},"modified":"2025-12-27T08:25:39","modified_gmt":"2025-12-27T08:25:39","slug":"aussenfassade","status":"publish","type":"page","link":"https:\/\/www.gewoelbebau.at\/de_de\/aussenfassade\/","title":{"rendered":"aussenfassade"},"content":{"rendered":"\t\t<div data-elementor-type=\"wp-page\" data-elementor-id=\"2294\" class=\"elementor elementor-2294\" data-elementor-post-type=\"page\">\n\t\t\t\t<div class=\"elementor-element elementor-element-d614d70 e-flex e-con-boxed e-con e-parent\" data-id=\"d614d70\" data-element_type=\"container\">\n\t\t\t\t\t<div class=\"e-con-inner\">\n\t\t\t\t<div class=\"elementor-element elementor-element-45d7614 elementor-widget elementor-widget-html\" data-id=\"45d7614\" data-element_type=\"widget\" data-widget_type=\"html.default\">\n\t\t\t\t<div class=\"elementor-widget-container\">\n\t\t\t\t\t<meta name=\"description\" content=\"Sie m\u00f6chten im Bezirk Freistadt Ihre Au\u00dfenfassade sanieren lassen? Dann setzen Sie sich mit Jahn Gew\u00f6lbebau in Verbindung. Wir helfen Ihnen gerne weiter!\">\n\n<title>Au\u00dfenfassade sanieren im Bezirk Freistadt<\/title>\n\n<h2><\/h2>\n\n<p>Die Au\u00dfenfassade eines Geb\u00e4udes erf\u00fcllt weit mehr als nur eine optische Funktion. Sie sch\u00fctzt vor Witterungseinfl\u00fcssen, isoliert, und tr\u00e4gt wesentlich zur Langlebigkeit der Bausubstanz bei. Wenn es an der Zeit ist, Ihre Au\u00dfenfassade zu erneuern, steht Ihnen Jahn Gew\u00f6lbebau als verl\u00e4sslicher Partner zur Seite. Unser Unternehmen bietet Ihnen ein umfassendes Angebot an Leistungen, um Ihre Au\u00dfenfassade sanieren zu lassen \u2013 professionell, detailgenau und nach Ihren individuellen W\u00fcnschen.<\/p>\n\n<p><strong>Ma\u00dfgeschneiderte L\u00f6sungen f\u00fcr private und gewerbliche Kunden<\/strong><\/p>\n\n<p>Egal, ob Sie als Hauseigent\u00fcmer die Wertbest\u00e4ndigkeit Ihres Wohnhauses sichern m\u00f6chten oder als Unternehmer auf die repr\u00e4sentative Wirkung Ihrer Immobilie achten \u2013 wir bieten ma\u00dfgeschneiderte L\u00f6sungen f\u00fcr jede Herausforderung. Von der sorgf\u00e4ltigen Analyse des bestehenden Fassadenzustands bis hin zur fachgerechten und effizienten Umsetzung liegt unser Fokus auf Qualit\u00e4t und Kundenzufriedenheit. Das Team von Jahn Gew\u00f6lbebau ist bestens geschult und arbeitet mit modernster Technik, um Ihre Au\u00dfenfassade sanieren zu k\u00f6nnen.<\/p>\n\n<p><strong>Warum die Sanierung Ihrer Au\u00dfenfassade wichtig ist<\/strong><\/p>\n\n<p>Mit der Zeit k\u00f6nnen Umwelteinfl\u00fcsse, Feuchtigkeit und Temperaturschwankungen der Bausubstanz zusetzen. Risse, Abplatzungen oder eine unzureichende D\u00e4mmung sind typische Hinweise auf eine notwendige Sanierung. Lassen Sie Ihre Au\u00dfenfassade sanieren, profitieren Sie nicht nur von einem optischen Mehrwert, sondern auch von einer verbesserten Energieeffizienz und einem h\u00f6heren Geb\u00e4udewert. Gerade bei Immobilien im Bezirk Freistadt, die den anspruchsvollen klimatischen Bedingungen standhalten m\u00fcssen, ist eine regelm\u00e4\u00dfige \u00dcberpr\u00fcfung und fachgerechte Renovierung der Fassade entscheidend.<\/p>\n\n<p><strong>Ihr Ansprechpartner im Bezirk Freistadt<\/strong><\/p>\n\n<p>Jahn Gew\u00f6lbebau blickt auf eine langj\u00e4hrige Erfahrung in der Fassadensanierung zur\u00fcck und ist bekannt f\u00fcr pr\u00e4zises Handwerk und Zuverl\u00e4ssigkeit. Unser Unternehmen versteht die Anforderungen der Region und sorgt daf\u00fcr, dass Ihre Fassade den h\u00f6chsten Qualit\u00e4tsstandards entspricht. Ob f\u00fcr private Wohnh\u00e4user oder gewerbliche Immobilien \u2013 wir setzen Ihre Vision in die Tat um und bieten Ihnen eine L\u00f6sung, die sowohl \u00e4sthetisch als auch funktional \u00fcberzeugt.<\/p>\n\n<p>M\u00f6chten Sie Ihre Au\u00dfenfassade sanieren lassen oder haben Sie Fragen? <a href=\"https:\/\/www.gewoelbebau.at\/kontakt\">Nehmen Sie jetzt Kontakt mit uns auf<\/a>. Unser Team ber\u00e4t Sie gerne pers\u00f6nlich und unverbindlich.<\/p>\n\t\t\t\t<\/div>\n\t\t\t\t<\/div>\n\t\t\t\t\t<\/div>\n\t\t\t\t<\/div>\n\t\t<div class=\"elementor-element elementor-element-30b8700 e-grid e-con-boxed e-con e-parent\" data-id=\"30b8700\" data-element_type=\"container\">\n\t\t\t\t\t<div class=\"e-con-inner\">\n\t\t\t\t\t<\/div>\n\t\t\t\t<\/div>\n\t\t\t\t<\/div>\n\t\t","protected":false},"excerpt":{"rendered":"<p>Au\u00dfenfassade sanieren im Bezirk Freistadt Die Au\u00dfenfassade eines Geb\u00e4udes erf\u00fcllt weit mehr als nur eine optische Funktion. Sie sch\u00fctzt vor Witterungseinfl\u00fcssen, isoliert, und tr\u00e4gt wesentlich zur Langlebigkeit der Bausubstanz bei. Wenn es an der Zeit ist, Ihre Au\u00dfenfassade zu erneuern, steht Ihnen Jahn Gew\u00f6lbebau als verl\u00e4sslicher Partner zur Seite. Unser Unternehmen bietet Ihnen ein umfassendes [&hellip;]<\/p>\n","protected":false},"author":3,"featured_media":0,"parent":0,"menu_order":0,"comment_status":"closed","ping_status":"closed","template":"","meta":{"_acf_changed":false,"footnotes":""},"class_list":["post-2294","page","type-page","status-publish","hentry"],"acf":[],"yoast_head":"<!-- This site is optimized with the Yoast SEO plugin v26.8 - https:\/\/yoast.com\/product\/yoast-seo-wordpress\/ -->\n<title>aussenfassade - Jahn Gew\u00f6lbebau<\/title>\n<meta name=\"robots\" content=\"index, follow, max-snippet:-1, max-image-preview:large, max-video-preview:-1\" \/>\n<link rel=\"canonical\" href=\"https:\/\/www.gewoelbebau.at\/de_de\/aussenfassade\/\" \/>\n<meta property=\"og:locale\" content=\"de_DE\" \/>\n<meta property=\"og:type\" content=\"article\" \/>\n<meta property=\"og:title\" content=\"aussenfassade - Jahn Gew\u00f6lbebau\" \/>\n<meta property=\"og:description\" content=\"Au\u00dfenfassade sanieren im Bezirk Freistadt Die Au\u00dfenfassade eines Geb\u00e4udes erf\u00fcllt weit mehr als nur eine optische Funktion. Sie sch\u00fctzt vor Witterungseinfl\u00fcssen, isoliert, und tr\u00e4gt wesentlich zur Langlebigkeit der Bausubstanz bei. Wenn es an der Zeit ist, Ihre Au\u00dfenfassade zu erneuern, steht Ihnen Jahn Gew\u00f6lbebau als verl\u00e4sslicher Partner zur Seite. Unser Unternehmen bietet Ihnen ein umfassendes [&hellip;]\" \/>\n<meta property=\"og:url\" content=\"https:\/\/www.gewoelbebau.at\/de_de\/aussenfassade\/\" \/>\n<meta property=\"og:site_name\" content=\"Jahn Gew\u00f6lbebau\" \/>\n<meta property=\"article:publisher\" content=\"https:\/\/www.facebook.com\/jahngewoelbebau\/\" \/>\n<meta property=\"article:modified_time\" content=\"2025-12-27T08:25:39+00:00\" \/>\n<meta property=\"og:image\" content=\"https:\/\/www.gewoelbebau.at\/wp-content\/uploads\/2025\/07\/E6A0269-scaled.jpg\" \/>\n\t<meta property=\"og:image:width\" content=\"2560\" \/>\n\t<meta property=\"og:image:height\" content=\"1707\" \/>\n\t<meta property=\"og:image:type\" content=\"image\/jpeg\" \/>\n<meta name=\"twitter:card\" content=\"summary_large_image\" \/>\n<meta name=\"twitter:label1\" content=\"Gesch\u00e4tzte Lesezeit\" \/>\n\t<meta name=\"twitter:data1\" content=\"2\u00a0Minuten\" \/>\n<script type=\"application\/ld+json\" class=\"yoast-schema-graph\">{\"@context\":\"https:\/\/schema.org\",\"@graph\":[{\"@type\":\"WebPage\",\"@id\":\"https:\/\/www.gewoelbebau.at\/de_de\/aussenfassade\/\",\"url\":\"https:\/\/www.gewoelbebau.at\/de_de\/aussenfassade\/\",\"name\":\"aussenfassade - Jahn Gew\u00f6lbebau\",\"isPartOf\":{\"@id\":\"https:\/\/www.gewoelbebau.at\/#website\"},\"datePublished\":\"2025-12-18T18:08:32+00:00\",\"dateModified\":\"2025-12-27T08:25:39+00:00\",\"breadcrumb\":{\"@id\":\"https:\/\/www.gewoelbebau.at\/de_de\/aussenfassade\/#breadcrumb\"},\"inLanguage\":\"de\",\"potentialAction\":[{\"@type\":\"ReadAction\",\"target\":[\"https:\/\/www.gewoelbebau.at\/de_de\/aussenfassade\/\"]}]},{\"@type\":\"BreadcrumbList\",\"@id\":\"https:\/\/www.gewoelbebau.at\/de_de\/aussenfassade\/#breadcrumb\",\"itemListElement\":[{\"@type\":\"ListItem\",\"position\":1,\"name\":\"Startseite\",\"item\":\"https:\/\/www.gewoelbebau.at\/\"},{\"@type\":\"ListItem\",\"position\":2,\"name\":\"aussenfassade\"}]},{\"@type\":\"WebSite\",\"@id\":\"https:\/\/www.gewoelbebau.at\/#website\",\"url\":\"https:\/\/www.gewoelbebau.at\/\",\"name\":\"Jahn Gew\u00f6lbebau GmbH\",\"description\":\"Bau von Gew\u00f6lben und Umsetzung individueller Wohnl\u00f6sungen\",\"publisher\":{\"@id\":\"https:\/\/www.gewoelbebau.at\/#organization\"},\"alternateName\":\"Jahn Gew\u00f6lbebau\",\"potentialAction\":[{\"@type\":\"SearchAction\",\"target\":{\"@type\":\"EntryPoint\",\"urlTemplate\":\"https:\/\/www.gewoelbebau.at\/?s={search_term_string}\"},\"query-input\":{\"@type\":\"PropertyValueSpecification\",\"valueRequired\":true,\"valueName\":\"search_term_string\"}}],\"inLanguage\":\"de\"},{\"@type\":\"Organization\",\"@id\":\"https:\/\/www.gewoelbebau.at\/#organization\",\"name\":\"Jahn Gew\u00f6lbebau GmbH\",\"alternateName\":\"Gew\u00f6lbebau\",\"url\":\"https:\/\/www.gewoelbebau.at\/\",\"logo\":{\"@type\":\"ImageObject\",\"inLanguage\":\"de\",\"@id\":\"https:\/\/www.gewoelbebau.at\/#\/schema\/logo\/image\/\",\"url\":\"https:\/\/www.gewoelbebau.at\/wp-content\/uploads\/2025\/04\/favicon-1.webp\",\"contentUrl\":\"https:\/\/www.gewoelbebau.at\/wp-content\/uploads\/2025\/04\/favicon-1.webp\",\"width\":512,\"height\":512,\"caption\":\"Jahn Gew\u00f6lbebau GmbH\"},\"image\":{\"@id\":\"https:\/\/www.gewoelbebau.at\/#\/schema\/logo\/image\/\"},\"sameAs\":[\"https:\/\/www.facebook.com\/jahngewoelbebau\/\",\"https:\/\/www.instagram.com\/jahn_gewoelbebau\/\"]}]}<\/script>\n<!-- \/ Yoast SEO plugin. -->","yoast_head_json":{"title":"aussenfassade - Jahn Gew\u00f6lbebau","robots":{"index":"index","follow":"follow","max-snippet":"max-snippet:-1","max-image-preview":"max-image-preview:large","max-video-preview":"max-video-preview:-1"},"canonical":"https:\/\/www.gewoelbebau.at\/de_de\/aussenfassade\/","og_locale":"de_DE","og_type":"article","og_title":"aussenfassade - Jahn Gew\u00f6lbebau","og_description":"Au\u00dfenfassade sanieren im Bezirk Freistadt Die Au\u00dfenfassade eines Geb\u00e4udes erf\u00fcllt weit mehr als nur eine optische Funktion. Sie sch\u00fctzt vor Witterungseinfl\u00fcssen, isoliert, und tr\u00e4gt wesentlich zur Langlebigkeit der Bausubstanz bei. Wenn es an der Zeit ist, Ihre Au\u00dfenfassade zu erneuern, steht Ihnen Jahn Gew\u00f6lbebau als verl\u00e4sslicher Partner zur Seite. Unser Unternehmen bietet Ihnen ein umfassendes [&hellip;]","og_url":"https:\/\/www.gewoelbebau.at\/de_de\/aussenfassade\/","og_site_name":"Jahn Gew\u00f6lbebau","article_publisher":"https:\/\/www.facebook.com\/jahngewoelbebau\/","article_modified_time":"2025-12-27T08:25:39+00:00","og_image":[{"width":2560,"height":1707,"url":"https:\/\/www.gewoelbebau.at\/wp-content\/uploads\/2025\/07\/E6A0269-scaled.jpg","type":"image\/jpeg"}],"twitter_card":"summary_large_image","twitter_misc":{"Gesch\u00e4tzte Lesezeit":"2\u00a0Minuten"},"schema":{"@context":"https:\/\/schema.org","@graph":[{"@type":"WebPage","@id":"https:\/\/www.gewoelbebau.at\/de_de\/aussenfassade\/","url":"https:\/\/www.gewoelbebau.at\/de_de\/aussenfassade\/","name":"aussenfassade - Jahn Gew\u00f6lbebau","isPartOf":{"@id":"https:\/\/www.gewoelbebau.at\/#website"},"datePublished":"2025-12-18T18:08:32+00:00","dateModified":"2025-12-27T08:25:39+00:00","breadcrumb":{"@id":"https:\/\/www.gewoelbebau.at\/de_de\/aussenfassade\/#breadcrumb"},"inLanguage":"de","potentialAction":[{"@type":"ReadAction","target":["https:\/\/www.gewoelbebau.at\/de_de\/aussenfassade\/"]}]},{"@type":"BreadcrumbList","@id":"https:\/\/www.gewoelbebau.at\/de_de\/aussenfassade\/#breadcrumb","itemListElement":[{"@type":"ListItem","position":1,"name":"Startseite","item":"https:\/\/www.gewoelbebau.at\/"},{"@type":"ListItem","position":2,"name":"aussenfassade"}]},{"@type":"WebSite","@id":"https:\/\/www.gewoelbebau.at\/#website","url":"https:\/\/www.gewoelbebau.at\/","name":"Jahn Gew\u00f6lbebau GmbH","description":"Bau von Gew\u00f6lben und Umsetzung individueller Wohnl\u00f6sungen","publisher":{"@id":"https:\/\/www.gewoelbebau.at\/#organization"},"alternateName":"Jahn Gew\u00f6lbebau","potentialAction":[{"@type":"SearchAction","target":{"@type":"EntryPoint","urlTemplate":"https:\/\/www.gewoelbebau.at\/?s={search_term_string}"},"query-input":{"@type":"PropertyValueSpecification","valueRequired":true,"valueName":"search_term_string"}}],"inLanguage":"de"},{"@type":"Organization","@id":"https:\/\/www.gewoelbebau.at\/#organization","name":"Jahn Gew\u00f6lbebau GmbH","alternateName":"Gew\u00f6lbebau","url":"https:\/\/www.gewoelbebau.at\/","logo":{"@type":"ImageObject","inLanguage":"de","@id":"https:\/\/www.gewoelbebau.at\/#\/schema\/logo\/image\/","url":"https:\/\/www.gewoelbebau.at\/wp-content\/uploads\/2025\/04\/favicon-1.webp","contentUrl":"https:\/\/www.gewoelbebau.at\/wp-content\/uploads\/2025\/04\/favicon-1.webp","width":512,"height":512,"caption":"Jahn Gew\u00f6lbebau GmbH"},"image":{"@id":"https:\/\/www.gewoelbebau.at\/#\/schema\/logo\/image\/"},"sameAs":["https:\/\/www.facebook.com\/jahngewoelbebau\/","https:\/\/www.instagram.com\/jahn_gewoelbebau\/"]}]}},"_links":{"self":[{"href":"https:\/\/www.gewoelbebau.at\/de_de\/wp-json\/wp\/v2\/pages\/2294","targetHints":{"allow":["GET"]}}],"collection":[{"href":"https:\/\/www.gewoelbebau.at\/de_de\/wp-json\/wp\/v2\/pages"}],"about":[{"href":"https:\/\/www.gewoelbebau.at\/de_de\/wp-json\/wp\/v2\/types\/page"}],"author":[{"embeddable":true,"href":"https:\/\/www.gewoelbebau.at\/de_de\/wp-json\/wp\/v2\/users\/3"}],"replies":[{"embeddable":true,"href":"https:\/\/www.gewoelbebau.at\/de_de\/wp-json\/wp\/v2\/comments?post=2294"}],"version-history":[{"count":5,"href":"https:\/\/www.gewoelbebau.at\/de_de\/wp-json\/wp\/v2\/pages\/2294\/revisions"}],"predecessor-version":[{"id":2300,"href":"https:\/\/www.gewoelbebau.at\/de_de\/wp-json\/wp\/v2\/pages\/2294\/revisions\/2300"}],"wp:attachment":[{"href":"https:\/\/www.gewoelbebau.at\/de_de\/wp-json\/wp\/v2\/media?parent=2294"}],"curies":[{"name":"wp","href":"https:\/\/api.w.org\/{rel}","templated":true}]}}